{"id":35,"date":"2021-01-10T00:03:28","date_gmt":"2021-01-10T06:03:28","guid":{"rendered":"http:\/\/haciendasangaspar.com.mx\/site\/?page_id=35"},"modified":"2022-03-30T23:12:22","modified_gmt":"2022-03-31T05:12:22","slug":"contacto","status":"publish","type":"page","link":"http:\/\/haciendasangaspar.com.mx\/site\/contacto\/","title":{"rendered":"Contacto"},"content":{"rendered":"<p>[et_pb_section fb_built=\u00bb1&#8243; admin_label=\u00bbHero\u00bb _builder_version=\u00bb4.7.7&#8243; background_image=\u00bbhttp:\/\/haciendasangaspar.com.mx\/site\/wp-content\/uploads\/2021\/01\/contacto-bkg.jpg\u00bb custom_padding=\u00bb3vw||3vw||true|false\u00bb][et_pb_row _builder_version=\u00bb3.25&#8243; background_size=\u00bbinitial\u00bb background_position=\u00bbtop_left\u00bb background_repeat=\u00bbrepeat\u00bb][et_pb_column type=\u00bb4_4&#8243; _builder_version=\u00bb3.25&#8243; custom_padding=\u00bb|||\u00bb custom_padding__hover=\u00bb|||\u00bb][et_pb_cta title=\u00bbContacto\u00bb button_url=\u00bb#top\u00bb _builder_version=\u00bb4.7.7&#8243; header_font=\u00bbPrata||||||||\u00bb header_text_align=\u00bbcenter\u00bb header_text_color=\u00bb#ffffff\u00bb header_font_size=\u00bb80px\u00bb body_font=\u00bbMontserrat||||||||\u00bb body_text_align=\u00bbcenter\u00bb body_text_color=\u00bb#f1efeb\u00bb body_font_size=\u00bb22px\u00bb body_letter_spacing=\u00bb3px\u00bb body_line_height=\u00bb1em\u00bb use_background_color=\u00bboff\u00bb button_text_size=\u00bb16px\u00bb button_bg_color=\u00bb#2f3854&#8243; button_border_width=\u00bb10px\u00bb button_border_color=\u00bbrgba(47,56,84,0)\u00bb button_border_radius=\u00bb60px\u00bb button_letter_spacing=\u00bb1px\u00bb button_font=\u00bbMontserrat|700||on|||||\u00bb button_use_icon=\u00bboff\u00bb background_layout=\u00bblight\u00bb custom_margin=\u00bb||0px||false|false\u00bb custom_padding=\u00bb||0px||false|false\u00bb animation_style=\u00bbzoom\u00bb animation_direction=\u00bbbottom\u00bb animation_intensity_zoom=\u00bb10%\u00bb header_font_size_tablet=\u00bb\u00bb header_font_size_phone=\u00bb50px\u00bb header_font_size_last_edited=\u00bbon|phone\u00bb button_text_color_hover=\u00bb#ffffff\u00bb button_border_radius_hover=\u00bb66px\u00bb button_letter_spacing_hover=\u00bb1px\u00bb button_bg_color_hover=\u00bbrgba(47,56,84,0.9)\u00bb button_text_size__hover_enabled=\u00bboff\u00bb button_one_text_size__hover_enabled=\u00bboff\u00bb button_two_text_size__hover_enabled=\u00bboff\u00bb button_text_color__hover_enabled=\u00bbon\u00bb button_text_color__hover=\u00bb#ffffff\u00bb button_one_text_color__hover_enabled=\u00bboff\u00bb button_two_text_color__hover_enabled=\u00bboff\u00bb button_border_width__hover_enabled=\u00bboff\u00bb button_one_border_width__hover_enabled=\u00bboff\u00bb button_two_border_width__hover_enabled=\u00bboff\u00bb button_border_color__hover_enabled=\u00bboff\u00bb button_one_border_color__hover_enabled=\u00bboff\u00bb button_two_border_color__hover_enabled=\u00bboff\u00bb button_border_radius__hover_enabled=\u00bbon\u00bb button_border_radius__hover=\u00bb66px\u00bb button_one_border_radius__hover_enabled=\u00bboff\u00bb button_two_border_radius__hover_enabled=\u00bboff\u00bb button_letter_spacing__hover_enabled=\u00bbon\u00bb button_letter_spacing__hover=\u00bb1px\u00bb button_one_letter_spacing__hover_enabled=\u00bboff\u00bb button_two_letter_spacing__hover_enabled=\u00bboff\u00bb button_bg_color__hover_enabled=\u00bbon\u00bb button_bg_color__hover=\u00bbrgba(47,56,84,0.9)\u00bb button_one_bg_color__hover_enabled=\u00bboff\u00bb button_two_bg_color__hover_enabled=\u00bboff\u00bb]<\/p>\n<p style=\"text-align: center;\">\u2022 HAGAMOS UNA GRAN BODA \u2022<\/p>\n<p>[\/et_pb_cta][\/et_pb_column][\/et_pb_row][\/et_pb_section][et_pb_section fb_built=\u00bb1&#8243; admin_label=\u00bbContact\u00bb _builder_version=\u00bb4.7.7&#8243; background_color=\u00bb#b59040&#8243; custom_padding=\u00bb0px|0px|0px|0px\u00bb][et_pb_row column_structure=\u00bb1_2,1_2&#8243; use_custom_gutter=\u00bbon\u00bb gutter_width=\u00bb1&#8243; make_equal=\u00bbon\u00bb admin_label=\u00bbContact Row\u00bb module_class=\u00bb et_pb_row_fullwidth\u00bb _builder_version=\u00bb4.7.7&#8243; background_color=\u00bb#0d101d\u00bb width=\u00bb100%\u00bb width_tablet=\u00bb100%\u00bb width_phone=\u00bb\u00bb width_last_edited=\u00bbon|desktop\u00bb max_width=\u00bb100%\u00bb max_width_tablet=\u00bb100%\u00bb max_width_phone=\u00bb\u00bb max_width_last_edited=\u00bbon|desktop\u00bb custom_padding=\u00bb0px|0px|0px|0px\u00bb make_fullwidth=\u00bbon\u00bb][et_pb_column type=\u00bb1_2&#8243; _builder_version=\u00bb4.7.7&#8243; background_color=\u00bbrgba(0,0,0,0)\u00bb use_background_color_gradient=\u00bbon\u00bb background_color_gradient_start=\u00bb#b59040&#8243; background_color_gradient_end=\u00bb#0d101d\u00bb background_color_gradient_direction=\u00bb90deg\u00bb background_color_gradient_start_position=\u00bb50%\u00bb background_color_gradient_end_position=\u00bb50%\u00bb custom_padding=\u00bb|||\u00bb custom_padding__hover=\u00bb|||\u00bb][et_pb_map address=\u00bbAv. Emiliano Zapata S\/N Fraccionamineto San Gaspar, 62555 Jiutepec, Mor., M\u00e9xico\u00bb address_lat=\u00bb18.8605903&#8243; address_lng=\u00bb-99.1608552&#8243; mouse_wheel=\u00bboff\u00bb _builder_version=\u00bb4.8.1&#8243; background_color=\u00bb#f1efeb\u00bb max_width=\u00bb90%\u00bb max_width_tablet=\u00bb\u00bb max_width_phone=\u00bb\u00bb max_width_last_edited=\u00bbon|desktop\u00bb height=\u00bb580px\u00bb max_height=\u00bb480px\u00bb custom_margin=\u00bb|||\u00bb custom_padding=\u00bb|||\u00bb child_filter_hue_rotate=\u00bb324deg\u00bb child_filter_saturate=\u00bb0%\u00bb child_filter_brightness=\u00bb83%\u00bb child_filter_contrast=\u00bb145%\u00bb animation_style=\u00bbslide\u00bb animation_direction=\u00bbleft\u00bb animation_intensity_slide=\u00bb5%\u00bb animation_starting_opacity=\u00bb100%\u00bb link_option_url=\u00bbhttps:\/\/g.page\/Hacienda-San-Gaspar?share\u00bb link_option_url_new_window=\u00bbon\u00bb][et_pb_map_pin pin_address=\u00bbAv. Emiliano Zapata S\/N Fraccionamineto San Gaspar, 62555 Jiutepec, Mor., M\u00e9xico\u00bb pin_address_lat=\u00bb18.8605903&#8243; pin_address_lng=\u00bb-99.1608552&#8243; _builder_version=\u00bb4.8.1&#8243; hover_enabled=\u00bb0&#8243; sticky_enabled=\u00bb0&#8243;][\/et_pb_map_pin][\/et_pb_map][\/et_pb_column][et_pb_column type=\u00bb1_2&#8243; _builder_version=\u00bb3.25&#8243; custom_padding=\u00bb|||\u00bb custom_padding__hover=\u00bb|||\u00bb][et_pb_contact_form email=\u00bbcontacto@haciendasangaspar.com.mx\u00bb title=\u00bbCont\u00e1ctanos\u00bb custom_message=\u00bbHas recibido un nuevo mensaje desde la p\u00e1gina web de Hacienda San Gaspar. El usuario est\u00e1 interesado en %%message_subject%%.||et_pb_line_break_holder||||et_pb_line_break_holder||Invitados aproximados: %%guests_num%%||et_pb_line_break_holder||||et_pb_line_break_holder||Fecha deseada: %%date_wish%%||et_pb_line_break_holder||||et_pb_line_break_holder||El mensaje es:||et_pb_line_break_holder||||et_pb_line_break_holder||%%message%%||et_pb_line_break_holder||||et_pb_line_break_holder||Mi tel\u00e9fono es %%phone%%||et_pb_line_break_holder||y mi correo %%email%%\u00bb success_message=\u00bb\u00a1Genial!&#8230; Tu mensaje ha sido enviado con \u00e9xito. Nos pondremos en contacto lo antes posible.\u00bb submit_button_text=\u00bbENVIAR MENSAJE\u00bb module_id=\u00bbet_pb_contact_form_0&#8243; _builder_version=\u00bb4.8.1&#8243; form_field_background_color=\u00bbrgba(0,0,0,0)\u00bb form_field_text_color=\u00bb#f1efeb\u00bb form_field_focus_background_color=\u00bbrgba(0,0,0,0)\u00bb form_field_focus_text_color=\u00bb#b59040&#8243; title_level=\u00bbh2&#8243; title_font=\u00bbPrata||||||||\u00bb title_text_color=\u00bb#b59040&#8243; title_font_size=\u00bb45px\u00bb title_line_height=\u00bb1.3em\u00bb captcha_text_color=\u00bb#f1efeb\u00bb form_field_font=\u00bbMontserrat|500|||||||\u00bb form_field_font_size=\u00bb14px\u00bb custom_button=\u00bbon\u00bb button_text_size=\u00bb16px\u00bb button_text_color=\u00bb#f1efeb\u00bb button_bg_color=\u00bbrgba(0,0,0,0)\u00bb button_border_width=\u00bb3px\u00bb button_border_color=\u00bb#b59040&#8243; button_border_radius=\u00bb0px\u00bb button_letter_spacing=\u00bb3px\u00bb button_font=\u00bbMontserrat|700||on|||||\u00bb button_icon=\u00bb%%36%%\u00bb button_icon_color=\u00bb#f1efeb\u00bb button_custom_margin=\u00bb1rem||||false|false\u00bb button_custom_padding=\u00bb1rem|2rem|1rem|2rem|true|true\u00bb max_width=\u00bb560px\u00bb max_width_tablet=\u00bb\u00bb max_width_phone=\u00bb\u00bb max_width_last_edited=\u00bbon|desktop\u00bb custom_margin=\u00bb100px||100px|\u00bb custom_padding=\u00bb40px|40px|40px|40px\u00bb hover_enabled=\u00bb0&#8243; border_width_all=\u00bb3px\u00bb border_color_all=\u00bbrgba(0,0,0,0)\u00bb border_color_bottom=\u00bb#b59040&#8243; form_background_color=\u00bbrgba(255,255,255,0)\u00bb button_text_color_hover=\u00bb#2f3854&#8243; button_bg_color_hover=\u00bbrgba(255,255,255,0.9)\u00bb button_border_radius_hover=\u00bb76px\u00bb button_letter_spacing_hover=\u00bb1px\u00bb use_spam_service=\u00bbon\u00bb recaptcha_list=\u00bbDefault|Default-0&#8243; sticky_enabled=\u00bb0&#8243;][et_pb_contact_field field_id=\u00bbName\u00bb field_title=\u00bbNombre Completo\u00bb fullwidth_field=\u00bbon\u00bb _builder_version=\u00bb4.7.7&#8243; button_text_size__hover_enabled=\u00bboff\u00bb button_one_text_size__hover_enabled=\u00bboff\u00bb button_two_text_size__hover_enabled=\u00bboff\u00bb button_text_color__hover_enabled=\u00bboff\u00bb button_one_text_color__hover_enabled=\u00bboff\u00bb button_two_text_color__hover_enabled=\u00bboff\u00bb button_border_width__hover_enabled=\u00bboff\u00bb button_one_border_width__hover_enabled=\u00bboff\u00bb button_two_border_width__hover_enabled=\u00bboff\u00bb button_border_color__hover_enabled=\u00bboff\u00bb button_one_border_color__hover_enabled=\u00bboff\u00bb button_two_border_color__hover_enabled=\u00bboff\u00bb button_border_radius__hover_enabled=\u00bboff\u00bb button_one_border_radius__hover_enabled=\u00bboff\u00bb button_two_border_radius__hover_enabled=\u00bboff\u00bb button_letter_spacing__hover_enabled=\u00bboff\u00bb button_one_letter_spacing__hover_enabled=\u00bboff\u00bb button_two_letter_spacing__hover_enabled=\u00bboff\u00bb button_bg_color__hover_enabled=\u00bboff\u00bb button_one_bg_color__hover_enabled=\u00bboff\u00bb button_two_bg_color__hover_enabled=\u00bboff\u00bb][\/et_pb_contact_field][et_pb_contact_field field_id=\u00bbphone\u00bb field_title=\u00bbTel\u00e9fono a 10 d\u00edgitos\u00bb min_length=\u00bb10&#8243; max_length=\u00bb10&#8243; allowed_symbols=\u00bbnumbers\u00bb _builder_version=\u00bb4.7.7&#8243; _module_preset=\u00bbdefault\u00bb][\/et_pb_contact_field][et_pb_contact_field field_id=\u00bbEmail\u00bb field_title=\u00bbCorreo electr\u00f3nico\u00bb field_type=\u00bbemail\u00bb _builder_version=\u00bb4.8.1&#8243; button_text_size__hover_enabled=\u00bboff\u00bb button_one_text_size__hover_enabled=\u00bboff\u00bb button_two_text_size__hover_enabled=\u00bboff\u00bb button_text_color__hover_enabled=\u00bboff\u00bb button_one_text_color__hover_enabled=\u00bboff\u00bb button_two_text_color__hover_enabled=\u00bboff\u00bb button_border_width__hover_enabled=\u00bboff\u00bb button_one_border_width__hover_enabled=\u00bboff\u00bb button_two_border_width__hover_enabled=\u00bboff\u00bb button_border_color__hover_enabled=\u00bboff\u00bb button_one_border_color__hover_enabled=\u00bboff\u00bb button_two_border_color__hover_enabled=\u00bboff\u00bb button_border_radius__hover_enabled=\u00bboff\u00bb button_one_border_radius__hover_enabled=\u00bboff\u00bb button_two_border_radius__hover_enabled=\u00bboff\u00bb button_letter_spacing__hover_enabled=\u00bboff\u00bb button_one_letter_spacing__hover_enabled=\u00bboff\u00bb button_two_letter_spacing__hover_enabled=\u00bboff\u00bb button_bg_color__hover_enabled=\u00bboff\u00bb button_one_bg_color__hover_enabled=\u00bboff\u00bb button_two_bg_color__hover_enabled=\u00bboff\u00bb][\/et_pb_contact_field][et_pb_contact_field field_id=\u00bbmessage_subject\u00bb field_title=\u00bbAsunto\u00bb field_type=\u00bbselect\u00bb select_options=\u00bb%91{%22value%22:%22Me voy a casar%22,%22checked%22:0,%22dragID%22:2},{%22value%22:%22Informaci\u00f3n en general%22,%22checked%22:0,%22dragID%22:-1},{%22value%22:%22Sesi\u00f3n fotogr\u00e1fica%22,%22checked%22:0,%22dragID%22:0},{%22value%22:%22Otros%22,%22checked%22:0,%22dragID%22:1}%93&#8243; fullwidth_field=\u00bbon\u00bb _builder_version=\u00bb4.7.7&#8243; _module_preset=\u00bbdefault\u00bb][\/et_pb_contact_field][et_pb_contact_field field_id=\u00bbguests_num\u00bb field_title=\u00bbN\u00famero de invitados aprox.\u00bb allowed_symbols=\u00bbnumbers\u00bb required_mark=\u00bboff\u00bb conditional_logic=\u00bbon\u00bb conditional_logic_relation=\u00bbon\u00bb conditional_logic_rules=\u00bb%91{%22field%22:%22message_subject%22,%22condition%22:%22is%22,%22value%22:%22Me voy a casar%22}%93&#8243; _builder_version=\u00bb4.7.7&#8243; _module_preset=\u00bbdefault\u00bb][\/et_pb_contact_field][et_pb_contact_field field_id=\u00bbdate_wish\u00bb field_title=\u00bbFecha de inter\u00e9s (ej. 29\/03\/2022)\u00bb required_mark=\u00bboff\u00bb conditional_logic=\u00bbon\u00bb conditional_logic_relation=\u00bbon\u00bb conditional_logic_rules=\u00bb%91{%22field%22:%22message_subject%22,%22condition%22:%22is%22,%22value%22:%22Me voy a casar%22}%93&#8243; _builder_version=\u00bb4.7.7&#8243; _module_preset=\u00bbdefault\u00bb][\/et_pb_contact_field][et_pb_contact_field field_id=\u00bbMessage\u00bb field_title=\u00bbCu\u00e9ntanos&#8230;\u00bb field_type=\u00bbtext\u00bb fullwidth_field=\u00bbon\u00bb _builder_version=\u00bb4.7.7&#8243; button_text_size__hover_enabled=\u00bboff\u00bb button_one_text_size__hover_enabled=\u00bboff\u00bb button_two_text_size__hover_enabled=\u00bboff\u00bb button_text_color__hover_enabled=\u00bboff\u00bb button_one_text_color__hover_enabled=\u00bboff\u00bb button_two_text_color__hover_enabled=\u00bboff\u00bb button_border_width__hover_enabled=\u00bboff\u00bb button_one_border_width__hover_enabled=\u00bboff\u00bb button_two_border_width__hover_enabled=\u00bboff\u00bb button_border_color__hover_enabled=\u00bboff\u00bb button_one_border_color__hover_enabled=\u00bboff\u00bb button_two_border_color__hover_enabled=\u00bboff\u00bb button_border_radius__hover_enabled=\u00bboff\u00bb button_one_border_radius__hover_enabled=\u00bboff\u00bb button_two_border_radius__hover_enabled=\u00bboff\u00bb button_letter_spacing__hover_enabled=\u00bboff\u00bb button_one_letter_spacing__hover_enabled=\u00bboff\u00bb button_two_letter_spacing__hover_enabled=\u00bboff\u00bb button_bg_color__hover_enabled=\u00bboff\u00bb button_one_bg_color__hover_enabled=\u00bboff\u00bb button_two_bg_color__hover_enabled=\u00bboff\u00bb][\/et_pb_contact_field][\/et_pb_contact_form][\/et_pb_column][\/et_pb_row][\/et_pb_section][et_pb_section fb_built=\u00bb1&#8243; admin_label=\u00bbContact Info\u00bb _builder_version=\u00bb4.7.7&#8243; background_color=\u00bb#f1efeb\u00bb][et_pb_row column_structure=\u00bb1_5,1_5,1_5,1_5,1_5&#8243; _builder_version=\u00bb4.7.7&#8243; max_width=\u00bb100%\u00bb module_alignment=\u00bbcenter\u00bb][et_pb_column type=\u00bb1_5&#8243; _builder_version=\u00bb3.25&#8243; custom_padding=\u00bb|||\u00bb custom_padding__hover=\u00bb|||\u00bb][\/et_pb_column][et_pb_column type=\u00bb1_5&#8243; _builder_version=\u00bb3.25&#8243; custom_padding=\u00bb|||\u00bb custom_padding__hover=\u00bb|||\u00bb][et_pb_blurb title=\u00bbDirecci\u00f3n\u00bb use_icon=\u00bbon\u00bb font_icon=\u00bb%%249%%\u00bb icon_color=\u00bb#f1efeb\u00bb use_circle=\u00bbon\u00bb icon_placement=\u00bbleft\u00bb _builder_version=\u00bb4.7.7&#8243; header_font=\u00bbMontserrat|700|||||||\u00bb header_text_color=\u00bb#0d101d\u00bb header_font_size=\u00bb20px\u00bb header_line_height=\u00bb1.4em\u00bb body_font=\u00bbMontserrat|500|||||||\u00bb body_text_color=\u00bbrgba(47,56,84,0.5)\u00bb animation_style=\u00bbzoom\u00bb animation_direction=\u00bbbottom\u00bb animation_intensity_zoom=\u00bb10%\u00bb link_option_url=\u00bbhttps:\/\/g.page\/Hacienda-San-Gaspar?share\u00bb link_option_url_new_window=\u00bbon\u00bb]Av. Emiliano Zapata S\/N,<br \/>Fracc. San Gaspar, CP 62555<br \/>Jiutepec, Mor. M\u00e9xico[\/et_pb_blurb][\/et_pb_column][et_pb_column type=\u00bb1_5&#8243; _builder_version=\u00bb3.25&#8243; custom_padding=\u00bb|||\u00bb custom_padding__hover=\u00bb|||\u00bb][et_pb_blurb title=\u00bbTel\u00e9fono\u00bb use_icon=\u00bbon\u00bb font_icon=\u00bb%%264%%\u00bb icon_color=\u00bb#f1efeb\u00bb use_circle=\u00bbon\u00bb icon_placement=\u00bbleft\u00bb _builder_version=\u00bb4.7.7&#8243; header_font=\u00bbMontserrat|700|||||||\u00bb header_text_color=\u00bb#2f3854&#8243; header_font_size=\u00bb20px\u00bb header_line_height=\u00bb1.4em\u00bb body_font=\u00bbMontserrat|500|||||||\u00bb body_text_color=\u00bbrgba(47,56,84,0.5)\u00bb animation_style=\u00bbzoom\u00bb animation_direction=\u00bbbottom\u00bb animation_delay=\u00bb100ms\u00bb animation_intensity_zoom=\u00bb10%\u00bb link_option_url=\u00bbcallto:7773236041&#8243;]<a href=\"callto:7773236041\">7773236041<\/a>[\/et_pb_blurb][\/et_pb_column][et_pb_column type=\u00bb1_5&#8243; _builder_version=\u00bb3.25&#8243; custom_padding=\u00bb|||\u00bb custom_padding__hover=\u00bb|||\u00bb][et_pb_blurb title=\u00bbWhatsapp\u00bb use_icon=\u00bbon\u00bb font_icon=\u00bb%%221%%\u00bb icon_color=\u00bb#f1efeb\u00bb use_circle=\u00bbon\u00bb icon_placement=\u00bbleft\u00bb _builder_version=\u00bb4.7.7&#8243; header_font=\u00bbMontserrat|700|||||||\u00bb header_text_color=\u00bb#2f3854&#8243; header_font_size=\u00bb20px\u00bb header_line_height=\u00bb1.4em\u00bb body_font=\u00bbMontserrat|500|||||||\u00bb body_text_color=\u00bbrgba(47,56,84,0.5)\u00bb animation_style=\u00bbzoom\u00bb animation_direction=\u00bbbottom\u00bb animation_delay=\u00bb300ms\u00bb animation_intensity_zoom=\u00bb10%\u00bb]<\/p>\n<p><a href=\"https:\/\/web.whatsapp.com\/send?phone=525514523313&amp;text=%C2%A1Hola!%20Me%20gustar%C3%ADa%20tener%20m%C3%A1s%20informaci%C3%B3n%20sobre%20la%20Hacienda%20San%20Gaspar...\" target=\"_blank\" rel=\"noopener noreferrer\" title=\"Abrir Whatsapp\">Comenzar chat<\/a><\/p>\n<p>[\/et_pb_blurb][\/et_pb_column][et_pb_column type=\u00bb1_5&#8243; _builder_version=\u00bb3.25&#8243; custom_padding=\u00bb|||\u00bb custom_padding__hover=\u00bb|||\u00bb][\/et_pb_column][\/et_pb_row][\/et_pb_section]<\/p>\n","protected":false},"excerpt":{"rendered":"<p>[et_pb_section fb_built=\u00bb1&#8243; admin_label=\u00bbHero\u00bb _builder_version=\u00bb4.7.7&#8243; background_image=\u00bbhttp:\/\/haciendasangaspar.com.mx\/site\/wp-content\/uploads\/2021\/01\/contacto-bkg.jpg\u00bb custom_padding=\u00bb3vw||3vw||true|false\u00bb][et_pb_row _builder_version=\u00bb3.25&#8243; background_size=\u00bbinitial\u00bb background_position=\u00bbtop_left\u00bb background_repeat=\u00bbrepeat\u00bb][et_pb_column type=\u00bb4_4&#8243; _builder_version=\u00bb3.25&#8243; custom_padding=\u00bb|||\u00bb custom_padding__hover=\u00bb|||\u00bb][et_pb_cta title=\u00bbContacto\u00bb button_url=\u00bb#top\u00bb _builder_version=\u00bb4.7.7&#8243; header_font=\u00bbPrata||||||||\u00bb header_text_align=\u00bbcenter\u00bb header_text_color=\u00bb#ffffff\u00bb header_font_size=\u00bb80px\u00bb body_font=\u00bbMontserrat||||||||\u00bb body_text_align=\u00bbcenter\u00bb body_text_color=\u00bb#f1efeb\u00bb body_font_size=\u00bb22px\u00bb body_letter_spacing=\u00bb3px\u00bb body_line_height=\u00bb1em\u00bb use_background_color=\u00bboff\u00bb button_text_size=\u00bb16px\u00bb button_bg_color=\u00bb#2f3854&#8243; button_border_width=\u00bb10px\u00bb button_border_color=\u00bbrgba(47,56,84,0)\u00bb button_border_radius=\u00bb60px\u00bb button_letter_spacing=\u00bb1px\u00bb button_font=\u00bbMontserrat|700||on|||||\u00bb button_use_icon=\u00bboff\u00bb background_layout=\u00bblight\u00bb custom_margin=\u00bb||0px||false|false\u00bb custom_padding=\u00bb||0px||false|false\u00bb animation_style=\u00bbzoom\u00bb animation_direction=\u00bbbottom\u00bb animation_intensity_zoom=\u00bb10%\u00bb header_font_size_tablet=\u00bb\u00bb header_font_size_phone=\u00bb50px\u00bb header_font_size_last_edited=\u00bbon|phone\u00bb button_text_color_hover=\u00bb#ffffff\u00bb button_border_radius_hover=\u00bb66px\u00bb button_letter_spacing_hover=\u00bb1px\u00bb button_bg_color_hover=\u00bbrgba(47,56,84,0.9)\u00bb button_text_size__hover_enabled=\u00bboff\u00bb button_one_text_size__hover_enabled=\u00bboff\u00bb button_two_text_size__hover_enabled=\u00bboff\u00bb button_text_color__hover_enabled=\u00bbon\u00bb button_text_color__hover=\u00bb#ffffff\u00bb button_one_text_color__hover_enabled=\u00bboff\u00bb [&hellip;]<\/p>\n","protected":false},"author":1,"featured_media":0,"parent":0,"menu_order":0,"comment_status":"closed","ping_status":"closed","template":"","meta":{"_et_pb_use_builder":"on","_et_pb_old_content":"","_et_gb_content_width":"","footnotes":""},"class_list":["post-35","page","type-page","status-publish","hentry"],"_links":{"self":[{"href":"http:\/\/haciendasangaspar.com.mx\/site\/wp-json\/wp\/v2\/pages\/35","targetHints":{"allow":["GET"]}}],"collection":[{"href":"http:\/\/haciendasangaspar.com.mx\/site\/wp-json\/wp\/v2\/pages"}],"about":[{"href":"http:\/\/haciendasangaspar.com.mx\/site\/wp-json\/wp\/v2\/types\/page"}],"author":[{"embeddable":true,"href":"http:\/\/haciendasangaspar.com.mx\/site\/wp-json\/wp\/v2\/users\/1"}],"replies":[{"embeddable":true,"href":"http:\/\/haciendasangaspar.com.mx\/site\/wp-json\/wp\/v2\/comments?post=35"}],"version-history":[{"count":22,"href":"http:\/\/haciendasangaspar.com.mx\/site\/wp-json\/wp\/v2\/pages\/35\/revisions"}],"predecessor-version":[{"id":894,"href":"http:\/\/haciendasangaspar.com.mx\/site\/wp-json\/wp\/v2\/pages\/35\/revisions\/894"}],"wp:attachment":[{"href":"http:\/\/haciendasangaspar.com.mx\/site\/wp-json\/wp\/v2\/media?parent=35"}],"curies":[{"name":"wp","href":"https:\/\/api.w.org\/{rel}","templated":true}]}}